{"id":2156,"date":"2022-04-12T16:03:52","date_gmt":"2022-04-12T14:03:52","guid":{"rendered":"http:\/\/ostorea-hdl.fr\/?post_type=product&#038;p=2156"},"modified":"2022-04-12T16:04:17","modified_gmt":"2022-04-12T14:04:17","slug":"pizza-capriciosa","status":"publish","type":"product","link":"https:\/\/ostorea-hdl.fr\/index.php\/product\/pizza-capriciosa\/","title":{"rendered":"Pizza CAPRICIOSA"},"content":{"rendered":"","protected":false},"excerpt":{"rendered":"<p>Cr\u00e8me fra\u00eeche, fromage, viande hach\u00e9e, pommes de terre, gorgonzola (Servie avec une sauce piquante)<\/p>\n","protected":false},"featured_media":1750,"template":"","meta":[],"product_cat":[32],"product_tag":[36],"class_list":["post-2156","product","type-product","status-publish","has-post-thumbnail","hentry","product_cat-pizza","product_tag-pizza"],"yoast_head":"<!-- This site is optimized with the Yoast SEO plugin v18.6 - https:\/\/yoast.com\/wordpress\/plugins\/seo\/ -->\n<title>Pizza CAPRICIOSA - Ostorea HDL<\/title>\n<meta name=\"robots\" content=\"index, follow, max-snippet:-1, max-image-preview:large, max-video-preview:-1\" \/>\n<link rel=\"canonical\" href=\"https:\/\/ostorea-hdl.fr\/index.php\/product\/pizza-capriciosa\/\" \/>\n<meta property=\"og:locale\" content=\"fr_FR\" \/>\n<meta property=\"og:type\" content=\"article\" \/>\n<meta property=\"og:title\" content=\"Pizza CAPRICIOSA - Ostorea HDL\" \/>\n<meta property=\"og:description\" content=\"Cr\u00e8me fra\u00eeche, fromage, viande hach\u00e9e, pommes de terre, gorgonzola (Servie avec une sauce piquante)\" \/>\n<meta property=\"og:url\" content=\"https:\/\/ostorea-hdl.fr\/index.php\/product\/pizza-capriciosa\/\" \/>\n<meta property=\"og:site_name\" content=\"Ostorea HDL\" \/>\n<meta property=\"article:modified_time\" content=\"2022-04-12T14:04:17+00:00\" \/>\n<meta property=\"og:image\" content=\"https:\/\/ostorea-hdl.fr\/wp-content\/uploads\/2016\/04\/Pizza-3D-logo-1024x768.jpg\" \/>\n\t<meta property=\"og:image:width\" content=\"1024\" \/>\n\t<meta property=\"og:image:height\" content=\"768\" \/>\n\t<meta property=\"og:image:type\" content=\"image\/jpeg\" \/>\n<meta name=\"twitter:card\" content=\"summary_large_image\" \/>\n<script type=\"application\/ld+json\" class=\"yoast-schema-graph\">{\"@context\":\"https:\/\/schema.org\",\"@graph\":[{\"@type\":\"Organization\",\"@id\":\"https:\/\/ostorea-hdl.fr\/#organization\",\"name\":\"Pizza Ostorea HDL\",\"url\":\"https:\/\/ostorea-hdl.fr\/\",\"sameAs\":[],\"logo\":{\"@type\":\"ImageObject\",\"@id\":\"https:\/\/ostorea-hdl.fr\/#logo\",\"inLanguage\":\"fr-FR\",\"url\":\"https:\/\/ostorea-hdl.fr\/wp-content\/uploads\/2020\/11\/OSTOREA-2-1.png\",\"contentUrl\":\"https:\/\/ostorea-hdl.fr\/wp-content\/uploads\/2020\/11\/OSTOREA-2-1.png\",\"width\":1028,\"height\":933,\"caption\":\"Pizza Ostorea HDL\"},\"image\":{\"@id\":\"https:\/\/ostorea-hdl.fr\/#logo\"}},{\"@type\":\"WebSite\",\"@id\":\"https:\/\/ostorea-hdl.fr\/#website\",\"url\":\"https:\/\/ostorea-hdl.fr\/\",\"name\":\"Ostorea HDL\",\"description\":\"La qualit\u00e9 \u00e0 proximit\u00e9\",\"publisher\":{\"@id\":\"https:\/\/ostorea-hdl.fr\/#organization\"},\"potentialAction\":[{\"@type\":\"SearchAction\",\"target\":{\"@type\":\"EntryPoint\",\"urlTemplate\":\"https:\/\/ostorea-hdl.fr\/?s={search_term_string}\"},\"query-input\":\"required name=search_term_string\"}],\"inLanguage\":\"fr-FR\"},{\"@type\":\"ImageObject\",\"@id\":\"https:\/\/ostorea-hdl.fr\/index.php\/product\/pizza-capriciosa\/#primaryimage\",\"inLanguage\":\"fr-FR\",\"url\":\"https:\/\/ostorea-hdl.fr\/wp-content\/uploads\/2016\/04\/Pizza-3D-logo-1024x768.jpg\",\"contentUrl\":\"https:\/\/ostorea-hdl.fr\/wp-content\/uploads\/2016\/04\/Pizza-3D-logo-1024x768.jpg\",\"width\":1024,\"height\":768},{\"@type\":\"WebPage\",\"@id\":\"https:\/\/ostorea-hdl.fr\/index.php\/product\/pizza-capriciosa\/#webpage\",\"url\":\"https:\/\/ostorea-hdl.fr\/index.php\/product\/pizza-capriciosa\/\",\"name\":\"Pizza CAPRICIOSA - Ostorea HDL\",\"isPartOf\":{\"@id\":\"https:\/\/ostorea-hdl.fr\/#website\"},\"primaryImageOfPage\":{\"@id\":\"https:\/\/ostorea-hdl.fr\/index.php\/product\/pizza-capriciosa\/#primaryimage\"},\"datePublished\":\"2022-04-12T14:03:52+00:00\",\"dateModified\":\"2022-04-12T14:04:17+00:00\",\"breadcrumb\":{\"@id\":\"https:\/\/ostorea-hdl.fr\/index.php\/product\/pizza-capriciosa\/#breadcrumb\"},\"inLanguage\":\"fr-FR\",\"potentialAction\":[{\"@type\":\"ReadAction\",\"target\":[\"https:\/\/ostorea-hdl.fr\/index.php\/product\/pizza-capriciosa\/\"]}]},{\"@type\":\"BreadcrumbList\",\"@id\":\"https:\/\/ostorea-hdl.fr\/index.php\/product\/pizza-capriciosa\/#breadcrumb\",\"itemListElement\":[{\"@type\":\"ListItem\",\"position\":1,\"name\":\"Home\",\"item\":\"https:\/\/ostorea-hdl.fr\/\"},{\"@type\":\"ListItem\",\"position\":2,\"name\":\"Commandez en ligne\",\"item\":\"https:\/\/ostorea-hdl.fr\/index.php\/shop\/\"},{\"@type\":\"ListItem\",\"position\":3,\"name\":\"Pizza CAPRICIOSA\"}]}]}<\/script>\n<!-- \/ Yoast SEO plugin. -->","yoast_head_json":{"title":"Pizza CAPRICIOSA - Ostorea HDL","robots":{"index":"index","follow":"follow","max-snippet":"max-snippet:-1","max-image-preview":"max-image-preview:large","max-video-preview":"max-video-preview:-1"},"canonical":"https:\/\/ostorea-hdl.fr\/index.php\/product\/pizza-capriciosa\/","og_locale":"fr_FR","og_type":"article","og_title":"Pizza CAPRICIOSA - Ostorea HDL","og_description":"Cr\u00e8me fra\u00eeche, fromage, viande hach\u00e9e, pommes de terre, gorgonzola (Servie avec une sauce piquante)","og_url":"https:\/\/ostorea-hdl.fr\/index.php\/product\/pizza-capriciosa\/","og_site_name":"Ostorea HDL","article_modified_time":"2022-04-12T14:04:17+00:00","og_image":[{"width":1024,"height":768,"url":"https:\/\/ostorea-hdl.fr\/wp-content\/uploads\/2016\/04\/Pizza-3D-logo-1024x768.jpg","type":"image\/jpeg"}],"twitter_card":"summary_large_image","schema":{"@context":"https:\/\/schema.org","@graph":[{"@type":"Organization","@id":"https:\/\/ostorea-hdl.fr\/#organization","name":"Pizza Ostorea HDL","url":"https:\/\/ostorea-hdl.fr\/","sameAs":[],"logo":{"@type":"ImageObject","@id":"https:\/\/ostorea-hdl.fr\/#logo","inLanguage":"fr-FR","url":"https:\/\/ostorea-hdl.fr\/wp-content\/uploads\/2020\/11\/OSTOREA-2-1.png","contentUrl":"https:\/\/ostorea-hdl.fr\/wp-content\/uploads\/2020\/11\/OSTOREA-2-1.png","width":1028,"height":933,"caption":"Pizza Ostorea HDL"},"image":{"@id":"https:\/\/ostorea-hdl.fr\/#logo"}},{"@type":"WebSite","@id":"https:\/\/ostorea-hdl.fr\/#website","url":"https:\/\/ostorea-hdl.fr\/","name":"Ostorea HDL","description":"La qualit\u00e9 \u00e0 proximit\u00e9","publisher":{"@id":"https:\/\/ostorea-hdl.fr\/#organization"},"potentialAction":[{"@type":"SearchAction","target":{"@type":"EntryPoint","urlTemplate":"https:\/\/ostorea-hdl.fr\/?s={search_term_string}"},"query-input":"required name=search_term_string"}],"inLanguage":"fr-FR"},{"@type":"ImageObject","@id":"https:\/\/ostorea-hdl.fr\/index.php\/product\/pizza-capriciosa\/#primaryimage","inLanguage":"fr-FR","url":"https:\/\/ostorea-hdl.fr\/wp-content\/uploads\/2016\/04\/Pizza-3D-logo-1024x768.jpg","contentUrl":"https:\/\/ostorea-hdl.fr\/wp-content\/uploads\/2016\/04\/Pizza-3D-logo-1024x768.jpg","width":1024,"height":768},{"@type":"WebPage","@id":"https:\/\/ostorea-hdl.fr\/index.php\/product\/pizza-capriciosa\/#webpage","url":"https:\/\/ostorea-hdl.fr\/index.php\/product\/pizza-capriciosa\/","name":"Pizza CAPRICIOSA - Ostorea HDL","isPartOf":{"@id":"https:\/\/ostorea-hdl.fr\/#website"},"primaryImageOfPage":{"@id":"https:\/\/ostorea-hdl.fr\/index.php\/product\/pizza-capriciosa\/#primaryimage"},"datePublished":"2022-04-12T14:03:52+00:00","dateModified":"2022-04-12T14:04:17+00:00","breadcrumb":{"@id":"https:\/\/ostorea-hdl.fr\/index.php\/product\/pizza-capriciosa\/#breadcrumb"},"inLanguage":"fr-FR","potentialAction":[{"@type":"ReadAction","target":["https:\/\/ostorea-hdl.fr\/index.php\/product\/pizza-capriciosa\/"]}]},{"@type":"BreadcrumbList","@id":"https:\/\/ostorea-hdl.fr\/index.php\/product\/pizza-capriciosa\/#breadcrumb","itemListElement":[{"@type":"ListItem","position":1,"name":"Home","item":"https:\/\/ostorea-hdl.fr\/"},{"@type":"ListItem","position":2,"name":"Commandez en ligne","item":"https:\/\/ostorea-hdl.fr\/index.php\/shop\/"},{"@type":"ListItem","position":3,"name":"Pizza CAPRICIOSA"}]}]}},"_links":{"self":[{"href":"https:\/\/ostorea-hdl.fr\/index.php\/wp-json\/wp\/v2\/product\/2156","targetHints":{"allow":["GET"]}}],"collection":[{"href":"https:\/\/ostorea-hdl.fr\/index.php\/wp-json\/wp\/v2\/product"}],"about":[{"href":"https:\/\/ostorea-hdl.fr\/index.php\/wp-json\/wp\/v2\/types\/product"}],"wp:featuredmedia":[{"embeddable":true,"href":"https:\/\/ostorea-hdl.fr\/index.php\/wp-json\/wp\/v2\/media\/1750"}],"wp:attachment":[{"href":"https:\/\/ostorea-hdl.fr\/index.php\/wp-json\/wp\/v2\/media?parent=2156"}],"wp:term":[{"taxonomy":"product_cat","embeddable":true,"href":"https:\/\/ostorea-hdl.fr\/index.php\/wp-json\/wp\/v2\/product_cat?post=2156"},{"taxonomy":"product_tag","embeddable":true,"href":"https:\/\/ostorea-hdl.fr\/index.php\/wp-json\/wp\/v2\/product_tag?post=2156"}],"curies":[{"name":"wp","href":"https:\/\/api.w.org\/{rel}","templated":true}]}}