{"id":2185,"date":"2022-04-13T01:47:01","date_gmt":"2022-04-12T23:47:01","guid":{"rendered":"http:\/\/ostorea-hdl.fr\/?post_type=product&#038;p=2185"},"modified":"2022-04-13T01:47:01","modified_gmt":"2022-04-12T23:47:01","slug":"gratin-poulet","status":"publish","type":"product","link":"https:\/\/ostorea-hdl.fr\/index.php\/product\/gratin-poulet\/","title":{"rendered":"Gratin POULET"},"content":{"rendered":"","protected":false},"excerpt":{"rendered":"<p>Pommes de terre, poulet, b\u00e9chamel, fromage gratin\u00e9.<\/p>\n","protected":false},"featured_media":1879,"template":"","meta":[],"product_cat":[75],"product_tag":[],"class_list":["post-2185","product","type-product","status-publish","has-post-thumbnail","hentry","product_cat-plats"],"yoast_head":"<!-- This site is optimized with the Yoast SEO plugin v18.6 - https:\/\/yoast.com\/wordpress\/plugins\/seo\/ -->\n<title>Gratin POULET - Ostorea HDL<\/title>\n<meta name=\"robots\" content=\"index, follow, max-snippet:-1, max-image-preview:large, max-video-preview:-1\" \/>\n<link rel=\"canonical\" href=\"https:\/\/ostorea-hdl.fr\/index.php\/product\/gratin-poulet\/\" \/>\n<meta property=\"og:locale\" content=\"fr_FR\" \/>\n<meta property=\"og:type\" content=\"article\" \/>\n<meta property=\"og:title\" content=\"Gratin POULET - Ostorea HDL\" \/>\n<meta property=\"og:description\" content=\"Pommes de terre, poulet, b\u00e9chamel, fromage gratin\u00e9.\" \/>\n<meta property=\"og:url\" content=\"https:\/\/ostorea-hdl.fr\/index.php\/product\/gratin-poulet\/\" \/>\n<meta property=\"og:site_name\" content=\"Ostorea HDL\" \/>\n<meta property=\"og:image\" content=\"https:\/\/ostorea-hdl.fr\/wp-content\/uploads\/2020\/11\/Capture-d\u2019e\u0301cran-2020-11-10-a\u0300-13.56.07.png\" \/>\n\t<meta property=\"og:image:width\" content=\"1306\" \/>\n\t<meta property=\"og:image:height\" content=\"1124\" \/>\n\t<meta property=\"og:image:type\" content=\"image\/png\" \/>\n<meta name=\"twitter:card\" content=\"summary_large_image\" \/>\n<script type=\"application\/ld+json\" class=\"yoast-schema-graph\">{\"@context\":\"https:\/\/schema.org\",\"@graph\":[{\"@type\":\"Organization\",\"@id\":\"https:\/\/ostorea-hdl.fr\/#organization\",\"name\":\"Pizza Ostorea HDL\",\"url\":\"https:\/\/ostorea-hdl.fr\/\",\"sameAs\":[],\"logo\":{\"@type\":\"ImageObject\",\"@id\":\"https:\/\/ostorea-hdl.fr\/#logo\",\"inLanguage\":\"fr-FR\",\"url\":\"https:\/\/ostorea-hdl.fr\/wp-content\/uploads\/2020\/11\/OSTOREA-2-1.png\",\"contentUrl\":\"https:\/\/ostorea-hdl.fr\/wp-content\/uploads\/2020\/11\/OSTOREA-2-1.png\",\"width\":1028,\"height\":933,\"caption\":\"Pizza Ostorea HDL\"},\"image\":{\"@id\":\"https:\/\/ostorea-hdl.fr\/#logo\"}},{\"@type\":\"WebSite\",\"@id\":\"https:\/\/ostorea-hdl.fr\/#website\",\"url\":\"https:\/\/ostorea-hdl.fr\/\",\"name\":\"Ostorea HDL\",\"description\":\"La qualit\u00e9 \u00e0 proximit\u00e9\",\"publisher\":{\"@id\":\"https:\/\/ostorea-hdl.fr\/#organization\"},\"potentialAction\":[{\"@type\":\"SearchAction\",\"target\":{\"@type\":\"EntryPoint\",\"urlTemplate\":\"https:\/\/ostorea-hdl.fr\/?s={search_term_string}\"},\"query-input\":\"required name=search_term_string\"}],\"inLanguage\":\"fr-FR\"},{\"@type\":\"ImageObject\",\"@id\":\"https:\/\/ostorea-hdl.fr\/index.php\/product\/gratin-poulet\/#primaryimage\",\"inLanguage\":\"fr-FR\",\"url\":\"https:\/\/ostorea-hdl.fr\/wp-content\/uploads\/2020\/11\/Capture-d\u2019e\u0301cran-2020-11-10-a\u0300-13.56.07.png\",\"contentUrl\":\"https:\/\/ostorea-hdl.fr\/wp-content\/uploads\/2020\/11\/Capture-d\u2019e\u0301cran-2020-11-10-a\u0300-13.56.07.png\",\"width\":1306,\"height\":1124},{\"@type\":\"WebPage\",\"@id\":\"https:\/\/ostorea-hdl.fr\/index.php\/product\/gratin-poulet\/#webpage\",\"url\":\"https:\/\/ostorea-hdl.fr\/index.php\/product\/gratin-poulet\/\",\"name\":\"Gratin POULET - Ostorea HDL\",\"isPartOf\":{\"@id\":\"https:\/\/ostorea-hdl.fr\/#website\"},\"primaryImageOfPage\":{\"@id\":\"https:\/\/ostorea-hdl.fr\/index.php\/product\/gratin-poulet\/#primaryimage\"},\"datePublished\":\"2022-04-12T23:47:01+00:00\",\"dateModified\":\"2022-04-12T23:47:01+00:00\",\"breadcrumb\":{\"@id\":\"https:\/\/ostorea-hdl.fr\/index.php\/product\/gratin-poulet\/#breadcrumb\"},\"inLanguage\":\"fr-FR\",\"potentialAction\":[{\"@type\":\"ReadAction\",\"target\":[\"https:\/\/ostorea-hdl.fr\/index.php\/product\/gratin-poulet\/\"]}]},{\"@type\":\"BreadcrumbList\",\"@id\":\"https:\/\/ostorea-hdl.fr\/index.php\/product\/gratin-poulet\/#breadcrumb\",\"itemListElement\":[{\"@type\":\"ListItem\",\"position\":1,\"name\":\"Home\",\"item\":\"https:\/\/ostorea-hdl.fr\/\"},{\"@type\":\"ListItem\",\"position\":2,\"name\":\"Commandez en ligne\",\"item\":\"https:\/\/ostorea-hdl.fr\/index.php\/shop\/\"},{\"@type\":\"ListItem\",\"position\":3,\"name\":\"Gratin POULET\"}]}]}<\/script>\n<!-- \/ Yoast SEO plugin. -->","yoast_head_json":{"title":"Gratin POULET - Ostorea HDL","robots":{"index":"index","follow":"follow","max-snippet":"max-snippet:-1","max-image-preview":"max-image-preview:large","max-video-preview":"max-video-preview:-1"},"canonical":"https:\/\/ostorea-hdl.fr\/index.php\/product\/gratin-poulet\/","og_locale":"fr_FR","og_type":"article","og_title":"Gratin POULET - Ostorea HDL","og_description":"Pommes de terre, poulet, b\u00e9chamel, fromage gratin\u00e9.","og_url":"https:\/\/ostorea-hdl.fr\/index.php\/product\/gratin-poulet\/","og_site_name":"Ostorea HDL","og_image":[{"width":1306,"height":1124,"url":"https:\/\/ostorea-hdl.fr\/wp-content\/uploads\/2020\/11\/Capture-d\u2019e\u0301cran-2020-11-10-a\u0300-13.56.07.png","type":"image\/png"}],"twitter_card":"summary_large_image","schema":{"@context":"https:\/\/schema.org","@graph":[{"@type":"Organization","@id":"https:\/\/ostorea-hdl.fr\/#organization","name":"Pizza Ostorea HDL","url":"https:\/\/ostorea-hdl.fr\/","sameAs":[],"logo":{"@type":"ImageObject","@id":"https:\/\/ostorea-hdl.fr\/#logo","inLanguage":"fr-FR","url":"https:\/\/ostorea-hdl.fr\/wp-content\/uploads\/2020\/11\/OSTOREA-2-1.png","contentUrl":"https:\/\/ostorea-hdl.fr\/wp-content\/uploads\/2020\/11\/OSTOREA-2-1.png","width":1028,"height":933,"caption":"Pizza Ostorea HDL"},"image":{"@id":"https:\/\/ostorea-hdl.fr\/#logo"}},{"@type":"WebSite","@id":"https:\/\/ostorea-hdl.fr\/#website","url":"https:\/\/ostorea-hdl.fr\/","name":"Ostorea HDL","description":"La qualit\u00e9 \u00e0 proximit\u00e9","publisher":{"@id":"https:\/\/ostorea-hdl.fr\/#organization"},"potentialAction":[{"@type":"SearchAction","target":{"@type":"EntryPoint","urlTemplate":"https:\/\/ostorea-hdl.fr\/?s={search_term_string}"},"query-input":"required name=search_term_string"}],"inLanguage":"fr-FR"},{"@type":"ImageObject","@id":"https:\/\/ostorea-hdl.fr\/index.php\/product\/gratin-poulet\/#primaryimage","inLanguage":"fr-FR","url":"https:\/\/ostorea-hdl.fr\/wp-content\/uploads\/2020\/11\/Capture-d\u2019e\u0301cran-2020-11-10-a\u0300-13.56.07.png","contentUrl":"https:\/\/ostorea-hdl.fr\/wp-content\/uploads\/2020\/11\/Capture-d\u2019e\u0301cran-2020-11-10-a\u0300-13.56.07.png","width":1306,"height":1124},{"@type":"WebPage","@id":"https:\/\/ostorea-hdl.fr\/index.php\/product\/gratin-poulet\/#webpage","url":"https:\/\/ostorea-hdl.fr\/index.php\/product\/gratin-poulet\/","name":"Gratin POULET - Ostorea HDL","isPartOf":{"@id":"https:\/\/ostorea-hdl.fr\/#website"},"primaryImageOfPage":{"@id":"https:\/\/ostorea-hdl.fr\/index.php\/product\/gratin-poulet\/#primaryimage"},"datePublished":"2022-04-12T23:47:01+00:00","dateModified":"2022-04-12T23:47:01+00:00","breadcrumb":{"@id":"https:\/\/ostorea-hdl.fr\/index.php\/product\/gratin-poulet\/#breadcrumb"},"inLanguage":"fr-FR","potentialAction":[{"@type":"ReadAction","target":["https:\/\/ostorea-hdl.fr\/index.php\/product\/gratin-poulet\/"]}]},{"@type":"BreadcrumbList","@id":"https:\/\/ostorea-hdl.fr\/index.php\/product\/gratin-poulet\/#breadcrumb","itemListElement":[{"@type":"ListItem","position":1,"name":"Home","item":"https:\/\/ostorea-hdl.fr\/"},{"@type":"ListItem","position":2,"name":"Commandez en ligne","item":"https:\/\/ostorea-hdl.fr\/index.php\/shop\/"},{"@type":"ListItem","position":3,"name":"Gratin POULET"}]}]}},"_links":{"self":[{"href":"https:\/\/ostorea-hdl.fr\/index.php\/wp-json\/wp\/v2\/product\/2185","targetHints":{"allow":["GET"]}}],"collection":[{"href":"https:\/\/ostorea-hdl.fr\/index.php\/wp-json\/wp\/v2\/product"}],"about":[{"href":"https:\/\/ostorea-hdl.fr\/index.php\/wp-json\/wp\/v2\/types\/product"}],"wp:featuredmedia":[{"embeddable":true,"href":"https:\/\/ostorea-hdl.fr\/index.php\/wp-json\/wp\/v2\/media\/1879"}],"wp:attachment":[{"href":"https:\/\/ostorea-hdl.fr\/index.php\/wp-json\/wp\/v2\/media?parent=2185"}],"wp:term":[{"taxonomy":"product_cat","embeddable":true,"href":"https:\/\/ostorea-hdl.fr\/index.php\/wp-json\/wp\/v2\/product_cat?post=2185"},{"taxonomy":"product_tag","embeddable":true,"href":"https:\/\/ostorea-hdl.fr\/index.php\/wp-json\/wp\/v2\/product_tag?post=2185"}],"curies":[{"name":"wp","href":"https:\/\/api.w.org\/{rel}","templated":true}]}}