{"id":2192,"date":"2022-04-13T01:57:17","date_gmt":"2022-04-12T23:57:17","guid":{"rendered":"http:\/\/ostorea-hdl.fr\/?post_type=product&#038;p=2192"},"modified":"2022-04-13T01:57:17","modified_gmt":"2022-04-12T23:57:17","slug":"lasagne-bolognaise","status":"publish","type":"product","link":"https:\/\/ostorea-hdl.fr\/index.php\/product\/lasagne-bolognaise\/","title":{"rendered":"LASAGNE BOLOGNAISE"},"content":{"rendered":"","protected":false},"excerpt":{"rendered":"<p>Une portion faites maison.<\/p>\n","protected":false},"featured_media":1882,"template":"","meta":[],"product_cat":[31],"product_tag":[],"class_list":["post-2192","product","type-product","status-publish","has-post-thumbnail","hentry","product_cat-pates"],"yoast_head":"<!-- This site is optimized with the Yoast SEO plugin v18.6 - https:\/\/yoast.com\/wordpress\/plugins\/seo\/ -->\n<title>LASAGNE BOLOGNAISE - Ostorea HDL<\/title>\n<meta name=\"robots\" content=\"index, follow, max-snippet:-1, max-image-preview:large, max-video-preview:-1\" \/>\n<link rel=\"canonical\" href=\"https:\/\/ostorea-hdl.fr\/index.php\/product\/lasagne-bolognaise\/\" \/>\n<meta property=\"og:locale\" content=\"fr_FR\" \/>\n<meta property=\"og:type\" content=\"article\" \/>\n<meta property=\"og:title\" content=\"LASAGNE BOLOGNAISE - Ostorea HDL\" \/>\n<meta property=\"og:description\" content=\"Une portion faites maison.\" \/>\n<meta property=\"og:url\" content=\"https:\/\/ostorea-hdl.fr\/index.php\/product\/lasagne-bolognaise\/\" \/>\n<meta property=\"og:site_name\" content=\"Ostorea HDL\" \/>\n<meta property=\"og:image\" content=\"https:\/\/ostorea-hdl.fr\/wp-content\/uploads\/2020\/11\/Capture-d\u2019e\u0301cran-2020-11-10-a\u0300-14.33.23.png\" \/>\n\t<meta property=\"og:image:width\" content=\"770\" \/>\n\t<meta property=\"og:image:height\" content=\"982\" \/>\n\t<meta property=\"og:image:type\" content=\"image\/png\" \/>\n<meta name=\"twitter:card\" content=\"summary_large_image\" \/>\n<script type=\"application\/ld+json\" class=\"yoast-schema-graph\">{\"@context\":\"https:\/\/schema.org\",\"@graph\":[{\"@type\":\"Organization\",\"@id\":\"https:\/\/ostorea-hdl.fr\/#organization\",\"name\":\"Pizza Ostorea HDL\",\"url\":\"https:\/\/ostorea-hdl.fr\/\",\"sameAs\":[],\"logo\":{\"@type\":\"ImageObject\",\"@id\":\"https:\/\/ostorea-hdl.fr\/#logo\",\"inLanguage\":\"fr-FR\",\"url\":\"https:\/\/ostorea-hdl.fr\/wp-content\/uploads\/2020\/11\/OSTOREA-2-1.png\",\"contentUrl\":\"https:\/\/ostorea-hdl.fr\/wp-content\/uploads\/2020\/11\/OSTOREA-2-1.png\",\"width\":1028,\"height\":933,\"caption\":\"Pizza Ostorea HDL\"},\"image\":{\"@id\":\"https:\/\/ostorea-hdl.fr\/#logo\"}},{\"@type\":\"WebSite\",\"@id\":\"https:\/\/ostorea-hdl.fr\/#website\",\"url\":\"https:\/\/ostorea-hdl.fr\/\",\"name\":\"Ostorea HDL\",\"description\":\"La qualit\u00e9 \u00e0 proximit\u00e9\",\"publisher\":{\"@id\":\"https:\/\/ostorea-hdl.fr\/#organization\"},\"potentialAction\":[{\"@type\":\"SearchAction\",\"target\":{\"@type\":\"EntryPoint\",\"urlTemplate\":\"https:\/\/ostorea-hdl.fr\/?s={search_term_string}\"},\"query-input\":\"required name=search_term_string\"}],\"inLanguage\":\"fr-FR\"},{\"@type\":\"ImageObject\",\"@id\":\"https:\/\/ostorea-hdl.fr\/index.php\/product\/lasagne-bolognaise\/#primaryimage\",\"inLanguage\":\"fr-FR\",\"url\":\"https:\/\/ostorea-hdl.fr\/wp-content\/uploads\/2020\/11\/Capture-d\u2019e\u0301cran-2020-11-10-a\u0300-14.33.23.png\",\"contentUrl\":\"https:\/\/ostorea-hdl.fr\/wp-content\/uploads\/2020\/11\/Capture-d\u2019e\u0301cran-2020-11-10-a\u0300-14.33.23.png\",\"width\":770,\"height\":982},{\"@type\":\"WebPage\",\"@id\":\"https:\/\/ostorea-hdl.fr\/index.php\/product\/lasagne-bolognaise\/#webpage\",\"url\":\"https:\/\/ostorea-hdl.fr\/index.php\/product\/lasagne-bolognaise\/\",\"name\":\"LASAGNE BOLOGNAISE - Ostorea HDL\",\"isPartOf\":{\"@id\":\"https:\/\/ostorea-hdl.fr\/#website\"},\"primaryImageOfPage\":{\"@id\":\"https:\/\/ostorea-hdl.fr\/index.php\/product\/lasagne-bolognaise\/#primaryimage\"},\"datePublished\":\"2022-04-12T23:57:17+00:00\",\"dateModified\":\"2022-04-12T23:57:17+00:00\",\"breadcrumb\":{\"@id\":\"https:\/\/ostorea-hdl.fr\/index.php\/product\/lasagne-bolognaise\/#breadcrumb\"},\"inLanguage\":\"fr-FR\",\"potentialAction\":[{\"@type\":\"ReadAction\",\"target\":[\"https:\/\/ostorea-hdl.fr\/index.php\/product\/lasagne-bolognaise\/\"]}]},{\"@type\":\"BreadcrumbList\",\"@id\":\"https:\/\/ostorea-hdl.fr\/index.php\/product\/lasagne-bolognaise\/#breadcrumb\",\"itemListElement\":[{\"@type\":\"ListItem\",\"position\":1,\"name\":\"Home\",\"item\":\"https:\/\/ostorea-hdl.fr\/\"},{\"@type\":\"ListItem\",\"position\":2,\"name\":\"Commandez en ligne\",\"item\":\"https:\/\/ostorea-hdl.fr\/index.php\/shop\/\"},{\"@type\":\"ListItem\",\"position\":3,\"name\":\"LASAGNE BOLOGNAISE\"}]}]}<\/script>\n<!-- \/ Yoast SEO plugin. -->","yoast_head_json":{"title":"LASAGNE BOLOGNAISE - Ostorea HDL","robots":{"index":"index","follow":"follow","max-snippet":"max-snippet:-1","max-image-preview":"max-image-preview:large","max-video-preview":"max-video-preview:-1"},"canonical":"https:\/\/ostorea-hdl.fr\/index.php\/product\/lasagne-bolognaise\/","og_locale":"fr_FR","og_type":"article","og_title":"LASAGNE BOLOGNAISE - Ostorea HDL","og_description":"Une portion faites maison.","og_url":"https:\/\/ostorea-hdl.fr\/index.php\/product\/lasagne-bolognaise\/","og_site_name":"Ostorea HDL","og_image":[{"width":770,"height":982,"url":"https:\/\/ostorea-hdl.fr\/wp-content\/uploads\/2020\/11\/Capture-d\u2019e\u0301cran-2020-11-10-a\u0300-14.33.23.png","type":"image\/png"}],"twitter_card":"summary_large_image","schema":{"@context":"https:\/\/schema.org","@graph":[{"@type":"Organization","@id":"https:\/\/ostorea-hdl.fr\/#organization","name":"Pizza Ostorea HDL","url":"https:\/\/ostorea-hdl.fr\/","sameAs":[],"logo":{"@type":"ImageObject","@id":"https:\/\/ostorea-hdl.fr\/#logo","inLanguage":"fr-FR","url":"https:\/\/ostorea-hdl.fr\/wp-content\/uploads\/2020\/11\/OSTOREA-2-1.png","contentUrl":"https:\/\/ostorea-hdl.fr\/wp-content\/uploads\/2020\/11\/OSTOREA-2-1.png","width":1028,"height":933,"caption":"Pizza Ostorea HDL"},"image":{"@id":"https:\/\/ostorea-hdl.fr\/#logo"}},{"@type":"WebSite","@id":"https:\/\/ostorea-hdl.fr\/#website","url":"https:\/\/ostorea-hdl.fr\/","name":"Ostorea HDL","description":"La qualit\u00e9 \u00e0 proximit\u00e9","publisher":{"@id":"https:\/\/ostorea-hdl.fr\/#organization"},"potentialAction":[{"@type":"SearchAction","target":{"@type":"EntryPoint","urlTemplate":"https:\/\/ostorea-hdl.fr\/?s={search_term_string}"},"query-input":"required name=search_term_string"}],"inLanguage":"fr-FR"},{"@type":"ImageObject","@id":"https:\/\/ostorea-hdl.fr\/index.php\/product\/lasagne-bolognaise\/#primaryimage","inLanguage":"fr-FR","url":"https:\/\/ostorea-hdl.fr\/wp-content\/uploads\/2020\/11\/Capture-d\u2019e\u0301cran-2020-11-10-a\u0300-14.33.23.png","contentUrl":"https:\/\/ostorea-hdl.fr\/wp-content\/uploads\/2020\/11\/Capture-d\u2019e\u0301cran-2020-11-10-a\u0300-14.33.23.png","width":770,"height":982},{"@type":"WebPage","@id":"https:\/\/ostorea-hdl.fr\/index.php\/product\/lasagne-bolognaise\/#webpage","url":"https:\/\/ostorea-hdl.fr\/index.php\/product\/lasagne-bolognaise\/","name":"LASAGNE BOLOGNAISE - Ostorea HDL","isPartOf":{"@id":"https:\/\/ostorea-hdl.fr\/#website"},"primaryImageOfPage":{"@id":"https:\/\/ostorea-hdl.fr\/index.php\/product\/lasagne-bolognaise\/#primaryimage"},"datePublished":"2022-04-12T23:57:17+00:00","dateModified":"2022-04-12T23:57:17+00:00","breadcrumb":{"@id":"https:\/\/ostorea-hdl.fr\/index.php\/product\/lasagne-bolognaise\/#breadcrumb"},"inLanguage":"fr-FR","potentialAction":[{"@type":"ReadAction","target":["https:\/\/ostorea-hdl.fr\/index.php\/product\/lasagne-bolognaise\/"]}]},{"@type":"BreadcrumbList","@id":"https:\/\/ostorea-hdl.fr\/index.php\/product\/lasagne-bolognaise\/#breadcrumb","itemListElement":[{"@type":"ListItem","position":1,"name":"Home","item":"https:\/\/ostorea-hdl.fr\/"},{"@type":"ListItem","position":2,"name":"Commandez en ligne","item":"https:\/\/ostorea-hdl.fr\/index.php\/shop\/"},{"@type":"ListItem","position":3,"name":"LASAGNE BOLOGNAISE"}]}]}},"_links":{"self":[{"href":"https:\/\/ostorea-hdl.fr\/index.php\/wp-json\/wp\/v2\/product\/2192","targetHints":{"allow":["GET"]}}],"collection":[{"href":"https:\/\/ostorea-hdl.fr\/index.php\/wp-json\/wp\/v2\/product"}],"about":[{"href":"https:\/\/ostorea-hdl.fr\/index.php\/wp-json\/wp\/v2\/types\/product"}],"wp:featuredmedia":[{"embeddable":true,"href":"https:\/\/ostorea-hdl.fr\/index.php\/wp-json\/wp\/v2\/media\/1882"}],"wp:attachment":[{"href":"https:\/\/ostorea-hdl.fr\/index.php\/wp-json\/wp\/v2\/media?parent=2192"}],"wp:term":[{"taxonomy":"product_cat","embeddable":true,"href":"https:\/\/ostorea-hdl.fr\/index.php\/wp-json\/wp\/v2\/product_cat?post=2192"},{"taxonomy":"product_tag","embeddable":true,"href":"https:\/\/ostorea-hdl.fr\/index.php\/wp-json\/wp\/v2\/product_tag?post=2192"}],"curies":[{"name":"wp","href":"https:\/\/api.w.org\/{rel}","templated":true}]}}